{"id":2644,"date":"2023-10-24T11:55:20","date_gmt":"2023-10-24T09:55:20","guid":{"rendered":"https:\/\/raimat.paeria.cat\/web\/?page_id=2644"},"modified":"2025-07-14T10:12:34","modified_gmt":"2025-07-14T08:12:34","slug":"ordre-del-dia-de-les-sessions-de-la-junta-veinal","status":"publish","type":"page","link":"https:\/\/raimat.paeria.cat\/web\/ordre-del-dia-de-les-sessions-de-la-junta-veinal\/","title":{"rendered":"Ordre del dia de les sessions de la Junta Ve\u00efnal"},"content":{"rendered":"<p><b>2023<\/b><\/p>\n<ul>\n<li><a href=\"https:\/\/raimat.paeria.cat\/web\/wp-content\/uploads\/2023\/11\/00.-OrdreD\u206eia-Convocat-PleEXTRAORD.-24-11-23-13.30h-1.pdf\">Ordre del d\u206eia sessi\u00f3 24-11-2023<\/a><\/li>\n<li><a href=\"https:\/\/raimat.paeria.cat\/web\/wp-content\/uploads\/2023\/11\/00.-OrdreD\u206eia-Convocat-PleOrdinari-27-09-23.pdf\">Ordre del d\u206eia sessi\u00f3 27-09-2023<\/a><\/li>\n<li><a href=\"https:\/\/raimat.paeria.cat\/web\/wp-content\/uploads\/2023\/11\/01-Convocatoria-OrdreDia-ple_Extraord_06-07-23-a-13.30h.pdf\">Ordre del dia sessi\u00f3 06-07-2023<\/a><\/li>\n<li><a href=\"https:\/\/raimat.paeria.cat\/web\/wp-content\/uploads\/2023\/11\/00.-Convocatoria-ordre-dia-Ple-Extrord.20_06_23.pdf\">Ordre del dia sessi\u00f3 20-06-2023<\/a><\/li>\n<li><a href=\"https:\/\/raimat.paeria.cat\/web\/wp-content\/uploads\/2023\/11\/00.-Convocatoria-ordre-dia-Ple-Extrord.28_04_23.pdf\">Ordre del dia sessi\u00f3 28-04-2023<\/a><\/li>\n<li><a href=\"https:\/\/raimat.paeria.cat\/web\/wp-content\/uploads\/2023\/11\/00.-Convocatoria-ordre-dia-Ple-ordin.27-03-23.pdf\">Ordre del dia sessi\u00f3 27-03-2023<\/a><\/li>\n<li><a href=\"https:\/\/raimat.paeria.cat\/web\/wp-content\/uploads\/2023\/11\/0-Convocatoria-ordre-del-dia-Ple-Extraordinari-10-02-23.pdf\">Ordre del dia sessi\u00f3 10-02-2023<\/a><\/li>\n<\/ul>\n","protected":false},"excerpt":{"rendered":"<p>2023 Ordre del d\u206eia sessi\u00f3 24-11-2023 Ordre del d\u206eia sessi\u00f3 27-09-2023 Ordre del dia sessi\u00f3 06-07-2023 Ordre del dia sessi\u00f3 20-06-2023 Ordre del dia sessi\u00f3 28-04-2023 Ordre del dia sessi\u00f3 27-03-2023 Ordre del dia sessi\u00f3 10-02-2023<\/p>\n","protected":false},"author":8,"featured_media":0,"parent":0,"menu_order":0,"comment_status":"closed","ping_status":"closed","template":"","meta":{"footnotes":""},"class_list":["post-2644","page","type-page","status-publish"],"yoast_head":"<!-- This site is optimized with the Yoast SEO plugin v27.5 - https:\/\/yoast.com\/product\/yoast-seo-wordpress\/ -->\n<title>Ordre del dia de les sessions de la Junta Ve\u00efnal - Entitat Municipal Descentralitzada de Raimat - La Paeria - Ajuntament Lleida<\/title>\n<meta name=\"robots\" content=\"index, follow, max-snippet:-1, max-image-preview:large, max-video-preview:-1\" \/>\n<link rel=\"canonical\" href=\"https:\/\/raimat.paeria.cat\/web\/ordre-del-dia-de-les-sessions-de-la-junta-veinal\/\" \/>\n<meta property=\"og:locale\" content=\"ca_ES\" \/>\n<meta property=\"og:type\" content=\"article\" \/>\n<meta property=\"og:title\" content=\"Ordre del dia de les sessions de la Junta Ve\u00efnal - Entitat Municipal Descentralitzada de Raimat - La Paeria - Ajuntament Lleida\" \/>\n<meta property=\"og:description\" content=\"2023 Ordre del d\u206eia sessi\u00f3 24-11-2023 Ordre del d\u206eia sessi\u00f3 27-09-2023 Ordre del dia sessi\u00f3 06-07-2023 Ordre del dia sessi\u00f3 20-06-2023 Ordre del dia sessi\u00f3 28-04-2023 Ordre del dia sessi\u00f3 27-03-2023 Ordre del dia sessi\u00f3 10-02-2023\" \/>\n<meta property=\"og:url\" content=\"https:\/\/raimat.paeria.cat\/web\/ordre-del-dia-de-les-sessions-de-la-junta-veinal\/\" \/>\n<meta property=\"og:site_name\" content=\"Entitat Municipal Descentralitzada de Raimat - La Paeria - Ajuntament Lleida\" \/>\n<meta property=\"article:modified_time\" content=\"2025-07-14T08:12:34+00:00\" \/>\n<meta name=\"twitter:card\" content=\"summary_large_image\" \/>\n<meta name=\"twitter:label1\" content=\"Temps estimat de lectura\" \/>\n\t<meta name=\"twitter:data1\" content=\"1 minut\" \/>\n<script type=\"application\/ld+json\" class=\"yoast-schema-graph\">{\"@context\":\"https:\\\/\\\/schema.org\",\"@graph\":[{\"@type\":\"WebPage\",\"@id\":\"https:\\\/\\\/raimat.paeria.cat\\\/web\\\/ordre-del-dia-de-les-sessions-de-la-junta-veinal\\\/\",\"url\":\"https:\\\/\\\/raimat.paeria.cat\\\/web\\\/ordre-del-dia-de-les-sessions-de-la-junta-veinal\\\/\",\"name\":\"Ordre del dia de les sessions de la Junta Ve\u00efnal - Entitat Municipal Descentralitzada de Raimat - La Paeria - Ajuntament Lleida\",\"isPartOf\":{\"@id\":\"https:\\\/\\\/raimat.paeria.cat\\\/web\\\/#website\"},\"datePublished\":\"2023-10-24T09:55:20+00:00\",\"dateModified\":\"2025-07-14T08:12:34+00:00\",\"breadcrumb\":{\"@id\":\"https:\\\/\\\/raimat.paeria.cat\\\/web\\\/ordre-del-dia-de-les-sessions-de-la-junta-veinal\\\/#breadcrumb\"},\"inLanguage\":\"ca\",\"potentialAction\":[{\"@type\":\"ReadAction\",\"target\":[\"https:\\\/\\\/raimat.paeria.cat\\\/web\\\/ordre-del-dia-de-les-sessions-de-la-junta-veinal\\\/\"]}]},{\"@type\":\"BreadcrumbList\",\"@id\":\"https:\\\/\\\/raimat.paeria.cat\\\/web\\\/ordre-del-dia-de-les-sessions-de-la-junta-veinal\\\/#breadcrumb\",\"itemListElement\":[{\"@type\":\"ListItem\",\"position\":1,\"name\":\"Inici\",\"item\":\"https:\\\/\\\/raimat.paeria.cat\\\/web\\\/\"},{\"@type\":\"ListItem\",\"position\":2,\"name\":\"Ordre del dia de les sessions de la Junta Ve\u00efnal\"}]},{\"@type\":\"WebSite\",\"@id\":\"https:\\\/\\\/raimat.paeria.cat\\\/web\\\/#website\",\"url\":\"https:\\\/\\\/raimat.paeria.cat\\\/web\\\/\",\"name\":\"Entitat Municipal Descentralitzada de Raimat - La Paeria - Ajuntament Lleida\",\"description\":\"Entitat Municipal Descentralitzada de Raimat\",\"publisher\":{\"@id\":\"https:\\\/\\\/raimat.paeria.cat\\\/web\\\/#organization\"},\"potentialAction\":[{\"@type\":\"SearchAction\",\"target\":{\"@type\":\"EntryPoint\",\"urlTemplate\":\"https:\\\/\\\/raimat.paeria.cat\\\/web\\\/?s={search_term_string}\"},\"query-input\":{\"@type\":\"PropertyValueSpecification\",\"valueRequired\":true,\"valueName\":\"search_term_string\"}}],\"inLanguage\":\"ca\"},{\"@type\":\"Organization\",\"@id\":\"https:\\\/\\\/raimat.paeria.cat\\\/web\\\/#organization\",\"name\":\"Ajuntament de Lleida\",\"url\":\"https:\\\/\\\/raimat.paeria.cat\\\/web\\\/\",\"logo\":{\"@type\":\"ImageObject\",\"inLanguage\":\"ca\",\"@id\":\"https:\\\/\\\/raimat.paeria.cat\\\/web\\\/#\\\/schema\\\/logo\\\/image\\\/\",\"url\":\"https:\\\/\\\/raimat.paeria.cat\\\/web\\\/wp-content\\\/uploads\\\/2020\\\/06\\\/capcalera-raimat-escut-logo-paeria.png\",\"contentUrl\":\"https:\\\/\\\/raimat.paeria.cat\\\/web\\\/wp-content\\\/uploads\\\/2020\\\/06\\\/capcalera-raimat-escut-logo-paeria.png\",\"width\":1100,\"height\":221,\"caption\":\"Ajuntament de Lleida\"},\"image\":{\"@id\":\"https:\\\/\\\/raimat.paeria.cat\\\/web\\\/#\\\/schema\\\/logo\\\/image\\\/\"}}]}<\/script>\n<!-- \/ Yoast SEO plugin. -->","yoast_head_json":{"title":"Ordre del dia de les sessions de la Junta Ve\u00efnal - Entitat Municipal Descentralitzada de Raimat - La Paeria - Ajuntament Lleida","robots":{"index":"index","follow":"follow","max-snippet":"max-snippet:-1","max-image-preview":"max-image-preview:large","max-video-preview":"max-video-preview:-1"},"canonical":"https:\/\/raimat.paeria.cat\/web\/ordre-del-dia-de-les-sessions-de-la-junta-veinal\/","og_locale":"ca_ES","og_type":"article","og_title":"Ordre del dia de les sessions de la Junta Ve\u00efnal - Entitat Municipal Descentralitzada de Raimat - La Paeria - Ajuntament Lleida","og_description":"2023 Ordre del d\u206eia sessi\u00f3 24-11-2023 Ordre del d\u206eia sessi\u00f3 27-09-2023 Ordre del dia sessi\u00f3 06-07-2023 Ordre del dia sessi\u00f3 20-06-2023 Ordre del dia sessi\u00f3 28-04-2023 Ordre del dia sessi\u00f3 27-03-2023 Ordre del dia sessi\u00f3 10-02-2023","og_url":"https:\/\/raimat.paeria.cat\/web\/ordre-del-dia-de-les-sessions-de-la-junta-veinal\/","og_site_name":"Entitat Municipal Descentralitzada de Raimat - La Paeria - Ajuntament Lleida","article_modified_time":"2025-07-14T08:12:34+00:00","twitter_card":"summary_large_image","twitter_misc":{"Temps estimat de lectura":"1 minut"},"schema":{"@context":"https:\/\/schema.org","@graph":[{"@type":"WebPage","@id":"https:\/\/raimat.paeria.cat\/web\/ordre-del-dia-de-les-sessions-de-la-junta-veinal\/","url":"https:\/\/raimat.paeria.cat\/web\/ordre-del-dia-de-les-sessions-de-la-junta-veinal\/","name":"Ordre del dia de les sessions de la Junta Ve\u00efnal - Entitat Municipal Descentralitzada de Raimat - La Paeria - Ajuntament Lleida","isPartOf":{"@id":"https:\/\/raimat.paeria.cat\/web\/#website"},"datePublished":"2023-10-24T09:55:20+00:00","dateModified":"2025-07-14T08:12:34+00:00","breadcrumb":{"@id":"https:\/\/raimat.paeria.cat\/web\/ordre-del-dia-de-les-sessions-de-la-junta-veinal\/#breadcrumb"},"inLanguage":"ca","potentialAction":[{"@type":"ReadAction","target":["https:\/\/raimat.paeria.cat\/web\/ordre-del-dia-de-les-sessions-de-la-junta-veinal\/"]}]},{"@type":"BreadcrumbList","@id":"https:\/\/raimat.paeria.cat\/web\/ordre-del-dia-de-les-sessions-de-la-junta-veinal\/#breadcrumb","itemListElement":[{"@type":"ListItem","position":1,"name":"Inici","item":"https:\/\/raimat.paeria.cat\/web\/"},{"@type":"ListItem","position":2,"name":"Ordre del dia de les sessions de la Junta Ve\u00efnal"}]},{"@type":"WebSite","@id":"https:\/\/raimat.paeria.cat\/web\/#website","url":"https:\/\/raimat.paeria.cat\/web\/","name":"Entitat Municipal Descentralitzada de Raimat - La Paeria - Ajuntament Lleida","description":"Entitat Municipal Descentralitzada de Raimat","publisher":{"@id":"https:\/\/raimat.paeria.cat\/web\/#organization"},"potentialAction":[{"@type":"SearchAction","target":{"@type":"EntryPoint","urlTemplate":"https:\/\/raimat.paeria.cat\/web\/?s={search_term_string}"},"query-input":{"@type":"PropertyValueSpecification","valueRequired":true,"valueName":"search_term_string"}}],"inLanguage":"ca"},{"@type":"Organization","@id":"https:\/\/raimat.paeria.cat\/web\/#organization","name":"Ajuntament de Lleida","url":"https:\/\/raimat.paeria.cat\/web\/","logo":{"@type":"ImageObject","inLanguage":"ca","@id":"https:\/\/raimat.paeria.cat\/web\/#\/schema\/logo\/image\/","url":"https:\/\/raimat.paeria.cat\/web\/wp-content\/uploads\/2020\/06\/capcalera-raimat-escut-logo-paeria.png","contentUrl":"https:\/\/raimat.paeria.cat\/web\/wp-content\/uploads\/2020\/06\/capcalera-raimat-escut-logo-paeria.png","width":1100,"height":221,"caption":"Ajuntament de Lleida"},"image":{"@id":"https:\/\/raimat.paeria.cat\/web\/#\/schema\/logo\/image\/"}}]}},"_links":{"self":[{"href":"https:\/\/raimat.paeria.cat\/web\/wp-json\/wp\/v2\/pages\/2644","targetHints":{"allow":["GET"]}}],"collection":[{"href":"https:\/\/raimat.paeria.cat\/web\/wp-json\/wp\/v2\/pages"}],"about":[{"href":"https:\/\/raimat.paeria.cat\/web\/wp-json\/wp\/v2\/types\/page"}],"author":[{"embeddable":true,"href":"https:\/\/raimat.paeria.cat\/web\/wp-json\/wp\/v2\/users\/8"}],"replies":[{"embeddable":true,"href":"https:\/\/raimat.paeria.cat\/web\/wp-json\/wp\/v2\/comments?post=2644"}],"version-history":[{"count":2,"href":"https:\/\/raimat.paeria.cat\/web\/wp-json\/wp\/v2\/pages\/2644\/revisions"}],"predecessor-version":[{"id":3236,"href":"https:\/\/raimat.paeria.cat\/web\/wp-json\/wp\/v2\/pages\/2644\/revisions\/3236"}],"wp:attachment":[{"href":"https:\/\/raimat.paeria.cat\/web\/wp-json\/wp\/v2\/media?parent=2644"}],"curies":[{"name":"wp","href":"https:\/\/api.w.org\/{rel}","templated":true}]}}