{"id":2297,"date":"2022-09-23T12:55:16","date_gmt":"2022-09-23T10:55:16","guid":{"rendered":"https:\/\/raimat.paeria.cat\/web\/?page_id=2297"},"modified":"2024-08-30T08:44:48","modified_gmt":"2024-08-30T06:44:48","slug":"e-bando","status":"publish","type":"page","link":"https:\/\/raimat.paeria.cat\/web\/e-bando\/","title":{"rendered":"e-Bando"},"content":{"rendered":"<p>L&#8217;aplicaci\u00f3 eBando permet rebre en forma de missatges el que es diria mitjan\u00e7ant un preg\u00f3 municipal.<\/p>\n<p>Ara pots estar informat de tot el que passa a Raimat i tenir el preg\u00f3 al teu dispositiu m\u00f2bil.<\/p>\n<p>\t\t\t\t\t\t\t\t\t\t\t\t<img loading=\"lazy\" decoding=\"async\" width=\"300\" height=\"81\" src=\"https:\/\/raimat.paeria.cat\/web\/wp-content\/uploads\/2022\/09\/e-bando-300x81.png\" alt=\"logo e-bando\" loading=\"lazy\" srcset=\"https:\/\/raimat.paeria.cat\/web\/wp-content\/uploads\/2022\/09\/e-bando-300x81.png 300w, https:\/\/raimat.paeria.cat\/web\/wp-content\/uploads\/2022\/09\/e-bando.png 385w\" sizes=\"auto, (max-width: 300px) 100vw, 300px\" \/>\t\t\t\t\t\t\t\t\t\t\t\t\t\t<\/p>\n<p>Les intruccions per descarregar-se aquesta APP s\u00f3n les seg\u00fcents:<\/p>\n<ul>\n<li>Busca l&#8217;App eBando al Market del teu m\u00f2bil: GooglePlay (Android), AppStore (iphone), WindowsPhone (windows), o pots utilitzar el codi QR.<\/li>\n<li>Instal\u00b7la l&#8217;Aplicaci\u00f3 al teu smartphone o tauleta<\/li>\n<li>Al buscador posar Raimat o b\u00e9 el codi postal 25111<\/li>\n<\/ul>\n<p>A mesura es vagin publicant nous pregons tindr\u00e0s una notificaci\u00f3 al teu dispositiu.<\/p>\n","protected":false},"excerpt":{"rendered":"<p>L&#8217;aplicaci\u00f3 eBando permet rebre en forma de missatges el que es diria mitjan\u00e7ant un preg\u00f3 municipal. Ara pots estar informat de tot el que passa a Raimat i tenir el preg\u00f3 al teu dispositiu m\u00f2bil. Les intruccions per descarregar-se aquesta APP s\u00f3n les seg\u00fcents: Busca l&#8217;App eBando al Market del teu m\u00f2bil: GooglePlay (Android), AppStore &#8230; <a title=\"e-Bando\" class=\"read-more\" href=\"https:\/\/raimat.paeria.cat\/web\/e-bando\/\" aria-label=\"M\u00e9s informaci\u00f3 sobre e-Bando\">Llegiu m\u00e9s<\/a><\/p>\n","protected":false},"author":8,"featured_media":0,"parent":0,"menu_order":0,"comment_status":"closed","ping_status":"closed","template":"","meta":{"footnotes":""},"class_list":["post-2297","page","type-page","status-publish"],"yoast_head":"<!-- This site is optimized with the Yoast SEO plugin v27.0 - https:\/\/yoast.com\/product\/yoast-seo-wordpress\/ -->\n<title>e-Bando - Entitat Municipal Descentralitzada de Raimat - La Paeria - Ajuntament Lleida<\/title>\n<meta name=\"robots\" content=\"index, follow, max-snippet:-1, max-image-preview:large, max-video-preview:-1\" \/>\n<link rel=\"canonical\" href=\"https:\/\/raimat.paeria.cat\/web\/e-bando\/\" \/>\n<meta property=\"og:locale\" content=\"ca_ES\" \/>\n<meta property=\"og:type\" content=\"article\" \/>\n<meta property=\"og:title\" content=\"e-Bando - Entitat Municipal Descentralitzada de Raimat - La Paeria - Ajuntament Lleida\" \/>\n<meta property=\"og:description\" content=\"L&#8217;aplicaci\u00f3 eBando permet rebre en forma de missatges el que es diria mitjan\u00e7ant un preg\u00f3 municipal. Ara pots estar informat de tot el que passa a Raimat i tenir el preg\u00f3 al teu dispositiu m\u00f2bil. Les intruccions per descarregar-se aquesta APP s\u00f3n les seg\u00fcents: Busca l&#8217;App eBando al Market del teu m\u00f2bil: GooglePlay (Android), AppStore ... Llegiu m\u00e9s\" \/>\n<meta property=\"og:url\" content=\"https:\/\/raimat.paeria.cat\/web\/e-bando\/\" \/>\n<meta property=\"og:site_name\" content=\"Entitat Municipal Descentralitzada de Raimat - La Paeria - Ajuntament Lleida\" \/>\n<meta property=\"article:modified_time\" content=\"2024-08-30T06:44:48+00:00\" \/>\n<meta property=\"og:image\" content=\"https:\/\/raimat.paeria.cat\/web\/wp-content\/uploads\/2022\/09\/e-bando-300x81.png\" \/>\n<meta name=\"twitter:card\" content=\"summary_large_image\" \/>\n<meta name=\"twitter:label1\" content=\"Temps estimat de lectura\" \/>\n\t<meta name=\"twitter:data1\" content=\"1 minut\" \/>\n<script type=\"application\/ld+json\" class=\"yoast-schema-graph\">{\"@context\":\"https:\/\/schema.org\",\"@graph\":[{\"@type\":\"WebPage\",\"@id\":\"https:\/\/raimat.paeria.cat\/web\/e-bando\/\",\"url\":\"https:\/\/raimat.paeria.cat\/web\/e-bando\/\",\"name\":\"e-Bando - Entitat Municipal Descentralitzada de Raimat - La Paeria - Ajuntament Lleida\",\"isPartOf\":{\"@id\":\"https:\/\/raimat.paeria.cat\/web\/#website\"},\"primaryImageOfPage\":{\"@id\":\"https:\/\/raimat.paeria.cat\/web\/e-bando\/#primaryimage\"},\"image\":{\"@id\":\"https:\/\/raimat.paeria.cat\/web\/e-bando\/#primaryimage\"},\"thumbnailUrl\":\"https:\/\/raimat.paeria.cat\/web\/wp-content\/uploads\/2022\/09\/e-bando-300x81.png\",\"datePublished\":\"2022-09-23T10:55:16+00:00\",\"dateModified\":\"2024-08-30T06:44:48+00:00\",\"breadcrumb\":{\"@id\":\"https:\/\/raimat.paeria.cat\/web\/e-bando\/#breadcrumb\"},\"inLanguage\":\"ca\",\"potentialAction\":[{\"@type\":\"ReadAction\",\"target\":[\"https:\/\/raimat.paeria.cat\/web\/e-bando\/\"]}]},{\"@type\":\"ImageObject\",\"inLanguage\":\"ca\",\"@id\":\"https:\/\/raimat.paeria.cat\/web\/e-bando\/#primaryimage\",\"url\":\"https:\/\/raimat.paeria.cat\/web\/wp-content\/uploads\/2022\/09\/e-bando.png\",\"contentUrl\":\"https:\/\/raimat.paeria.cat\/web\/wp-content\/uploads\/2022\/09\/e-bando.png\",\"width\":385,\"height\":104,\"caption\":\"logo e-bando\"},{\"@type\":\"BreadcrumbList\",\"@id\":\"https:\/\/raimat.paeria.cat\/web\/e-bando\/#breadcrumb\",\"itemListElement\":[{\"@type\":\"ListItem\",\"position\":1,\"name\":\"Inici\",\"item\":\"https:\/\/raimat.paeria.cat\/web\/\"},{\"@type\":\"ListItem\",\"position\":2,\"name\":\"e-Bando\"}]},{\"@type\":\"WebSite\",\"@id\":\"https:\/\/raimat.paeria.cat\/web\/#website\",\"url\":\"https:\/\/raimat.paeria.cat\/web\/\",\"name\":\"Entitat Municipal Descentralitzada de Raimat - La Paeria - Ajuntament Lleida\",\"description\":\"Entitat Municipal Descentralitzada de Raimat\",\"publisher\":{\"@id\":\"https:\/\/raimat.paeria.cat\/web\/#organization\"},\"potentialAction\":[{\"@type\":\"SearchAction\",\"target\":{\"@type\":\"EntryPoint\",\"urlTemplate\":\"https:\/\/raimat.paeria.cat\/web\/?s={search_term_string}\"},\"query-input\":{\"@type\":\"PropertyValueSpecification\",\"valueRequired\":true,\"valueName\":\"search_term_string\"}}],\"inLanguage\":\"ca\"},{\"@type\":\"Organization\",\"@id\":\"https:\/\/raimat.paeria.cat\/web\/#organization\",\"name\":\"Ajuntament de Lleida\",\"url\":\"https:\/\/raimat.paeria.cat\/web\/\",\"logo\":{\"@type\":\"ImageObject\",\"inLanguage\":\"ca\",\"@id\":\"https:\/\/raimat.paeria.cat\/web\/#\/schema\/logo\/image\/\",\"url\":\"https:\/\/raimat.paeria.cat\/web\/wp-content\/uploads\/2020\/06\/capcalera-raimat-escut-logo-paeria.png\",\"contentUrl\":\"https:\/\/raimat.paeria.cat\/web\/wp-content\/uploads\/2020\/06\/capcalera-raimat-escut-logo-paeria.png\",\"width\":1100,\"height\":221,\"caption\":\"Ajuntament de Lleida\"},\"image\":{\"@id\":\"https:\/\/raimat.paeria.cat\/web\/#\/schema\/logo\/image\/\"}}]}<\/script>\n<!-- \/ Yoast SEO plugin. -->","yoast_head_json":{"title":"e-Bando - Entitat Municipal Descentralitzada de Raimat - La Paeria - Ajuntament Lleida","robots":{"index":"index","follow":"follow","max-snippet":"max-snippet:-1","max-image-preview":"max-image-preview:large","max-video-preview":"max-video-preview:-1"},"canonical":"https:\/\/raimat.paeria.cat\/web\/e-bando\/","og_locale":"ca_ES","og_type":"article","og_title":"e-Bando - Entitat Municipal Descentralitzada de Raimat - La Paeria - Ajuntament Lleida","og_description":"L&#8217;aplicaci\u00f3 eBando permet rebre en forma de missatges el que es diria mitjan\u00e7ant un preg\u00f3 municipal. Ara pots estar informat de tot el que passa a Raimat i tenir el preg\u00f3 al teu dispositiu m\u00f2bil. Les intruccions per descarregar-se aquesta APP s\u00f3n les seg\u00fcents: Busca l&#8217;App eBando al Market del teu m\u00f2bil: GooglePlay (Android), AppStore ... Llegiu m\u00e9s","og_url":"https:\/\/raimat.paeria.cat\/web\/e-bando\/","og_site_name":"Entitat Municipal Descentralitzada de Raimat - La Paeria - Ajuntament Lleida","article_modified_time":"2024-08-30T06:44:48+00:00","og_image":[{"url":"https:\/\/raimat.paeria.cat\/web\/wp-content\/uploads\/2022\/09\/e-bando-300x81.png","type":"","width":"","height":""}],"twitter_card":"summary_large_image","twitter_misc":{"Temps estimat de lectura":"1 minut"},"schema":{"@context":"https:\/\/schema.org","@graph":[{"@type":"WebPage","@id":"https:\/\/raimat.paeria.cat\/web\/e-bando\/","url":"https:\/\/raimat.paeria.cat\/web\/e-bando\/","name":"e-Bando - Entitat Municipal Descentralitzada de Raimat - La Paeria - Ajuntament Lleida","isPartOf":{"@id":"https:\/\/raimat.paeria.cat\/web\/#website"},"primaryImageOfPage":{"@id":"https:\/\/raimat.paeria.cat\/web\/e-bando\/#primaryimage"},"image":{"@id":"https:\/\/raimat.paeria.cat\/web\/e-bando\/#primaryimage"},"thumbnailUrl":"https:\/\/raimat.paeria.cat\/web\/wp-content\/uploads\/2022\/09\/e-bando-300x81.png","datePublished":"2022-09-23T10:55:16+00:00","dateModified":"2024-08-30T06:44:48+00:00","breadcrumb":{"@id":"https:\/\/raimat.paeria.cat\/web\/e-bando\/#breadcrumb"},"inLanguage":"ca","potentialAction":[{"@type":"ReadAction","target":["https:\/\/raimat.paeria.cat\/web\/e-bando\/"]}]},{"@type":"ImageObject","inLanguage":"ca","@id":"https:\/\/raimat.paeria.cat\/web\/e-bando\/#primaryimage","url":"https:\/\/raimat.paeria.cat\/web\/wp-content\/uploads\/2022\/09\/e-bando.png","contentUrl":"https:\/\/raimat.paeria.cat\/web\/wp-content\/uploads\/2022\/09\/e-bando.png","width":385,"height":104,"caption":"logo e-bando"},{"@type":"BreadcrumbList","@id":"https:\/\/raimat.paeria.cat\/web\/e-bando\/#breadcrumb","itemListElement":[{"@type":"ListItem","position":1,"name":"Inici","item":"https:\/\/raimat.paeria.cat\/web\/"},{"@type":"ListItem","position":2,"name":"e-Bando"}]},{"@type":"WebSite","@id":"https:\/\/raimat.paeria.cat\/web\/#website","url":"https:\/\/raimat.paeria.cat\/web\/","name":"Entitat Municipal Descentralitzada de Raimat - La Paeria - Ajuntament Lleida","description":"Entitat Municipal Descentralitzada de Raimat","publisher":{"@id":"https:\/\/raimat.paeria.cat\/web\/#organization"},"potentialAction":[{"@type":"SearchAction","target":{"@type":"EntryPoint","urlTemplate":"https:\/\/raimat.paeria.cat\/web\/?s={search_term_string}"},"query-input":{"@type":"PropertyValueSpecification","valueRequired":true,"valueName":"search_term_string"}}],"inLanguage":"ca"},{"@type":"Organization","@id":"https:\/\/raimat.paeria.cat\/web\/#organization","name":"Ajuntament de Lleida","url":"https:\/\/raimat.paeria.cat\/web\/","logo":{"@type":"ImageObject","inLanguage":"ca","@id":"https:\/\/raimat.paeria.cat\/web\/#\/schema\/logo\/image\/","url":"https:\/\/raimat.paeria.cat\/web\/wp-content\/uploads\/2020\/06\/capcalera-raimat-escut-logo-paeria.png","contentUrl":"https:\/\/raimat.paeria.cat\/web\/wp-content\/uploads\/2020\/06\/capcalera-raimat-escut-logo-paeria.png","width":1100,"height":221,"caption":"Ajuntament de Lleida"},"image":{"@id":"https:\/\/raimat.paeria.cat\/web\/#\/schema\/logo\/image\/"}}]}},"_links":{"self":[{"href":"https:\/\/raimat.paeria.cat\/web\/wp-json\/wp\/v2\/pages\/2297","targetHints":{"allow":["GET"]}}],"collection":[{"href":"https:\/\/raimat.paeria.cat\/web\/wp-json\/wp\/v2\/pages"}],"about":[{"href":"https:\/\/raimat.paeria.cat\/web\/wp-json\/wp\/v2\/types\/page"}],"author":[{"embeddable":true,"href":"https:\/\/raimat.paeria.cat\/web\/wp-json\/wp\/v2\/users\/8"}],"replies":[{"embeddable":true,"href":"https:\/\/raimat.paeria.cat\/web\/wp-json\/wp\/v2\/comments?post=2297"}],"version-history":[{"count":1,"href":"https:\/\/raimat.paeria.cat\/web\/wp-json\/wp\/v2\/pages\/2297\/revisions"}],"predecessor-version":[{"id":2961,"href":"https:\/\/raimat.paeria.cat\/web\/wp-json\/wp\/v2\/pages\/2297\/revisions\/2961"}],"wp:attachment":[{"href":"https:\/\/raimat.paeria.cat\/web\/wp-json\/wp\/v2\/media?parent=2297"}],"curies":[{"name":"wp","href":"https:\/\/api.w.org\/{rel}","templated":true}]}}