{"id":2041,"date":"2022-03-04T11:21:58","date_gmt":"2022-03-04T09:21:58","guid":{"rendered":"https:\/\/raimat.paeria.cat\/web\/?page_id=2041"},"modified":"2024-05-16T13:32:23","modified_gmt":"2024-05-16T11:32:23","slug":"lequip-de-govern","status":"publish","type":"page","link":"https:\/\/raimat.paeria.cat\/web\/lequip-de-govern\/","title":{"rendered":"L&#8217;equip de govern"},"content":{"rendered":"<h2>Cartip\u00e0s Municipal 2023-2027<\/h2>\n\n\n<p style=\"font-style:normal;font-weight:700\">*\u00c0rea de Persones, de Comunitat, de Responsabilitat Social i de Salut P\u00fablica i d&#8217;Atenci\u00f3 Comunit\u00e0ria. Representaci\u00f3 Institucional i Comunicaci\u00f3. <\/p>\n\n\n\n<p>Sr. Ivan Fern\u00e0ndez i Ribelles<\/p>\n\n\n\n<p><strong>*\u00c0rea d&#8217;Educaci\u00f3, de Cooperaci\u00f3, de Drets Civils i de Feminismes.<\/strong><\/p>\n\n\n\n<p>Sra. Ver\u00f2nica Samantha i Upton<\/p>\n\n\n\n<p><strong>*\u00c0rea d&#8217;Urbanisme<\/strong>.<\/p>\n\n\n\n<p>Sr. \u00c8ric Le\u00f3n i Guiral<\/p>\n\n\n\n<p><strong>*\u00c0rea de Recursos Municipals, d&#8217;Hisenda i de Transpar\u00e8ncia.<\/strong><\/p>\n\n\n\n<p>Sra. Marta Batet i Subira<\/p>\n\n\n\n<p><strong>*\u00c0rea d&#8217;Esports i de Promoci\u00f3 de l&#8217;Activitat F\u00edsica.<\/strong><\/p>\n\n\n\n<p>Sr. Juan Antonio Sim\u00f3n i Sampietro<\/p>\n\n\n\n<p><strong>*\u00c0rea de Cultura, de Tradicions i de Participaci\u00f3 Ciutadana.<\/strong><\/p>\n\n\n\n<p>Sra. Marta Aznar i Gim\u00e9nez<\/p>\n\n\n\n<p><strong>*\u00c0rea de Serveis, de Recursos Municipals i de Mobilitat Urbana.<\/strong><\/p>\n\n\n\n<p>Sr. \u00c1lvaro Soriano i Gibanel<\/p>\n\n\n\n<p><strong>*\u00c0rea de Promoci\u00f3 Econ\u00f2mica, d&#8217;Emprenedoria i de Turisme.<\/strong><\/p>\n\n\n\n<p>Sra. Antonieta Brieba i Rovira<\/p>\n\n\n\n<p><strong>*\u00c0rea de Medi Ambient, de Transici\u00f3 Ecol\u00f2gica i d&#8217;Agenda 2030.<\/strong><\/p>\n\n\n\n<p>Sr. Xavier Calomarde i Burgaleta<\/p>\n\n\n\n<p><strong>*\u00c0rea de Seguretat Ciutadana, de Conviv\u00e8ncia i de Participaci\u00f3 Ciutadana.<\/strong><\/p>\n\n\n\n<p>Sra. Maria Soledad Bernal i Bernal<\/p>\n\n\n\n<p><strong>*\u00c0rea de Joventut i de Festes Populars.<\/strong><\/p>\n\n\n\n<p>Sr. Aitor Gonz\u00e1lez i Vela<\/p>\n","protected":false},"excerpt":{"rendered":"<p>Cartip\u00e0s Municipal 2023-2027 *\u00c0rea de Persones, de Comunitat, de Responsabilitat Social i de Salut P\u00fablica i d&#8217;Atenci\u00f3 Comunit\u00e0ria. Representaci\u00f3 Institucional i Comunicaci\u00f3. Sr. Ivan Fern\u00e0ndez i Ribelles *\u00c0rea d&#8217;Educaci\u00f3, de Cooperaci\u00f3, de Drets Civils i de Feminismes. Sra. Ver\u00f2nica Samantha i Upton *\u00c0rea d&#8217;Urbanisme. Sr. \u00c8ric Le\u00f3n i Guiral *\u00c0rea de Recursos Municipals, d&#8217;Hisenda i &#8230; <a title=\"L&#8217;equip de govern\" class=\"read-more\" href=\"https:\/\/raimat.paeria.cat\/web\/lequip-de-govern\/\" aria-label=\"M\u00e9s informaci\u00f3 sobre L&#8217;equip de govern\">Llegiu m\u00e9s<\/a><\/p>\n","protected":false},"author":11,"featured_media":0,"parent":0,"menu_order":0,"comment_status":"closed","ping_status":"closed","template":"","meta":{"footnotes":""},"class_list":["post-2041","page","type-page","status-publish"],"yoast_head":"<!-- This site is optimized with the Yoast SEO plugin v27.5 - https:\/\/yoast.com\/product\/yoast-seo-wordpress\/ -->\n<title>L&#039;equip de govern - Entitat Municipal Descentralitzada de Raimat - La Paeria - Ajuntament Lleida<\/title>\n<meta name=\"robots\" content=\"index, follow, max-snippet:-1, max-image-preview:large, max-video-preview:-1\" \/>\n<link rel=\"canonical\" href=\"https:\/\/raimat.paeria.cat\/web\/lequip-de-govern\/\" \/>\n<meta property=\"og:locale\" content=\"ca_ES\" \/>\n<meta property=\"og:type\" content=\"article\" \/>\n<meta property=\"og:title\" content=\"L&#039;equip de govern - Entitat Municipal Descentralitzada de Raimat - La Paeria - Ajuntament Lleida\" \/>\n<meta property=\"og:description\" content=\"Cartip\u00e0s Municipal 2023-2027 *\u00c0rea de Persones, de Comunitat, de Responsabilitat Social i de Salut P\u00fablica i d&#8217;Atenci\u00f3 Comunit\u00e0ria. Representaci\u00f3 Institucional i Comunicaci\u00f3. Sr. Ivan Fern\u00e0ndez i Ribelles *\u00c0rea d&#8217;Educaci\u00f3, de Cooperaci\u00f3, de Drets Civils i de Feminismes. Sra. Ver\u00f2nica Samantha i Upton *\u00c0rea d&#8217;Urbanisme. Sr. \u00c8ric Le\u00f3n i Guiral *\u00c0rea de Recursos Municipals, d&#8217;Hisenda i ... Llegiu m\u00e9s\" \/>\n<meta property=\"og:url\" content=\"https:\/\/raimat.paeria.cat\/web\/lequip-de-govern\/\" \/>\n<meta property=\"og:site_name\" content=\"Entitat Municipal Descentralitzada de Raimat - La Paeria - Ajuntament Lleida\" \/>\n<meta property=\"article:modified_time\" content=\"2024-05-16T11:32:23+00:00\" \/>\n<meta name=\"twitter:card\" content=\"summary_large_image\" \/>\n<meta name=\"twitter:label1\" content=\"Temps estimat de lectura\" \/>\n\t<meta name=\"twitter:data1\" content=\"1 minut\" \/>\n<script type=\"application\/ld+json\" class=\"yoast-schema-graph\">{\"@context\":\"https:\\\/\\\/schema.org\",\"@graph\":[{\"@type\":\"WebPage\",\"@id\":\"https:\\\/\\\/raimat.paeria.cat\\\/web\\\/lequip-de-govern\\\/\",\"url\":\"https:\\\/\\\/raimat.paeria.cat\\\/web\\\/lequip-de-govern\\\/\",\"name\":\"L'equip de govern - Entitat Municipal Descentralitzada de Raimat - La Paeria - Ajuntament Lleida\",\"isPartOf\":{\"@id\":\"https:\\\/\\\/raimat.paeria.cat\\\/web\\\/#website\"},\"datePublished\":\"2022-03-04T09:21:58+00:00\",\"dateModified\":\"2024-05-16T11:32:23+00:00\",\"breadcrumb\":{\"@id\":\"https:\\\/\\\/raimat.paeria.cat\\\/web\\\/lequip-de-govern\\\/#breadcrumb\"},\"inLanguage\":\"ca\",\"potentialAction\":[{\"@type\":\"ReadAction\",\"target\":[\"https:\\\/\\\/raimat.paeria.cat\\\/web\\\/lequip-de-govern\\\/\"]}]},{\"@type\":\"BreadcrumbList\",\"@id\":\"https:\\\/\\\/raimat.paeria.cat\\\/web\\\/lequip-de-govern\\\/#breadcrumb\",\"itemListElement\":[{\"@type\":\"ListItem\",\"position\":1,\"name\":\"Inici\",\"item\":\"https:\\\/\\\/raimat.paeria.cat\\\/web\\\/\"},{\"@type\":\"ListItem\",\"position\":2,\"name\":\"L&#8217;equip de govern\"}]},{\"@type\":\"WebSite\",\"@id\":\"https:\\\/\\\/raimat.paeria.cat\\\/web\\\/#website\",\"url\":\"https:\\\/\\\/raimat.paeria.cat\\\/web\\\/\",\"name\":\"Entitat Municipal Descentralitzada de Raimat - La Paeria - Ajuntament Lleida\",\"description\":\"Entitat Municipal Descentralitzada de Raimat\",\"publisher\":{\"@id\":\"https:\\\/\\\/raimat.paeria.cat\\\/web\\\/#organization\"},\"potentialAction\":[{\"@type\":\"SearchAction\",\"target\":{\"@type\":\"EntryPoint\",\"urlTemplate\":\"https:\\\/\\\/raimat.paeria.cat\\\/web\\\/?s={search_term_string}\"},\"query-input\":{\"@type\":\"PropertyValueSpecification\",\"valueRequired\":true,\"valueName\":\"search_term_string\"}}],\"inLanguage\":\"ca\"},{\"@type\":\"Organization\",\"@id\":\"https:\\\/\\\/raimat.paeria.cat\\\/web\\\/#organization\",\"name\":\"Ajuntament de Lleida\",\"url\":\"https:\\\/\\\/raimat.paeria.cat\\\/web\\\/\",\"logo\":{\"@type\":\"ImageObject\",\"inLanguage\":\"ca\",\"@id\":\"https:\\\/\\\/raimat.paeria.cat\\\/web\\\/#\\\/schema\\\/logo\\\/image\\\/\",\"url\":\"https:\\\/\\\/raimat.paeria.cat\\\/web\\\/wp-content\\\/uploads\\\/2020\\\/06\\\/capcalera-raimat-escut-logo-paeria.png\",\"contentUrl\":\"https:\\\/\\\/raimat.paeria.cat\\\/web\\\/wp-content\\\/uploads\\\/2020\\\/06\\\/capcalera-raimat-escut-logo-paeria.png\",\"width\":1100,\"height\":221,\"caption\":\"Ajuntament de Lleida\"},\"image\":{\"@id\":\"https:\\\/\\\/raimat.paeria.cat\\\/web\\\/#\\\/schema\\\/logo\\\/image\\\/\"}}]}<\/script>\n<!-- \/ Yoast SEO plugin. -->","yoast_head_json":{"title":"L'equip de govern - Entitat Municipal Descentralitzada de Raimat - La Paeria - Ajuntament Lleida","robots":{"index":"index","follow":"follow","max-snippet":"max-snippet:-1","max-image-preview":"max-image-preview:large","max-video-preview":"max-video-preview:-1"},"canonical":"https:\/\/raimat.paeria.cat\/web\/lequip-de-govern\/","og_locale":"ca_ES","og_type":"article","og_title":"L'equip de govern - Entitat Municipal Descentralitzada de Raimat - La Paeria - Ajuntament Lleida","og_description":"Cartip\u00e0s Municipal 2023-2027 *\u00c0rea de Persones, de Comunitat, de Responsabilitat Social i de Salut P\u00fablica i d&#8217;Atenci\u00f3 Comunit\u00e0ria. Representaci\u00f3 Institucional i Comunicaci\u00f3. Sr. Ivan Fern\u00e0ndez i Ribelles *\u00c0rea d&#8217;Educaci\u00f3, de Cooperaci\u00f3, de Drets Civils i de Feminismes. Sra. Ver\u00f2nica Samantha i Upton *\u00c0rea d&#8217;Urbanisme. Sr. \u00c8ric Le\u00f3n i Guiral *\u00c0rea de Recursos Municipals, d&#8217;Hisenda i ... Llegiu m\u00e9s","og_url":"https:\/\/raimat.paeria.cat\/web\/lequip-de-govern\/","og_site_name":"Entitat Municipal Descentralitzada de Raimat - La Paeria - Ajuntament Lleida","article_modified_time":"2024-05-16T11:32:23+00:00","twitter_card":"summary_large_image","twitter_misc":{"Temps estimat de lectura":"1 minut"},"schema":{"@context":"https:\/\/schema.org","@graph":[{"@type":"WebPage","@id":"https:\/\/raimat.paeria.cat\/web\/lequip-de-govern\/","url":"https:\/\/raimat.paeria.cat\/web\/lequip-de-govern\/","name":"L'equip de govern - Entitat Municipal Descentralitzada de Raimat - La Paeria - Ajuntament Lleida","isPartOf":{"@id":"https:\/\/raimat.paeria.cat\/web\/#website"},"datePublished":"2022-03-04T09:21:58+00:00","dateModified":"2024-05-16T11:32:23+00:00","breadcrumb":{"@id":"https:\/\/raimat.paeria.cat\/web\/lequip-de-govern\/#breadcrumb"},"inLanguage":"ca","potentialAction":[{"@type":"ReadAction","target":["https:\/\/raimat.paeria.cat\/web\/lequip-de-govern\/"]}]},{"@type":"BreadcrumbList","@id":"https:\/\/raimat.paeria.cat\/web\/lequip-de-govern\/#breadcrumb","itemListElement":[{"@type":"ListItem","position":1,"name":"Inici","item":"https:\/\/raimat.paeria.cat\/web\/"},{"@type":"ListItem","position":2,"name":"L&#8217;equip de govern"}]},{"@type":"WebSite","@id":"https:\/\/raimat.paeria.cat\/web\/#website","url":"https:\/\/raimat.paeria.cat\/web\/","name":"Entitat Municipal Descentralitzada de Raimat - La Paeria - Ajuntament Lleida","description":"Entitat Municipal Descentralitzada de Raimat","publisher":{"@id":"https:\/\/raimat.paeria.cat\/web\/#organization"},"potentialAction":[{"@type":"SearchAction","target":{"@type":"EntryPoint","urlTemplate":"https:\/\/raimat.paeria.cat\/web\/?s={search_term_string}"},"query-input":{"@type":"PropertyValueSpecification","valueRequired":true,"valueName":"search_term_string"}}],"inLanguage":"ca"},{"@type":"Organization","@id":"https:\/\/raimat.paeria.cat\/web\/#organization","name":"Ajuntament de Lleida","url":"https:\/\/raimat.paeria.cat\/web\/","logo":{"@type":"ImageObject","inLanguage":"ca","@id":"https:\/\/raimat.paeria.cat\/web\/#\/schema\/logo\/image\/","url":"https:\/\/raimat.paeria.cat\/web\/wp-content\/uploads\/2020\/06\/capcalera-raimat-escut-logo-paeria.png","contentUrl":"https:\/\/raimat.paeria.cat\/web\/wp-content\/uploads\/2020\/06\/capcalera-raimat-escut-logo-paeria.png","width":1100,"height":221,"caption":"Ajuntament de Lleida"},"image":{"@id":"https:\/\/raimat.paeria.cat\/web\/#\/schema\/logo\/image\/"}}]}},"_links":{"self":[{"href":"https:\/\/raimat.paeria.cat\/web\/wp-json\/wp\/v2\/pages\/2041","targetHints":{"allow":["GET"]}}],"collection":[{"href":"https:\/\/raimat.paeria.cat\/web\/wp-json\/wp\/v2\/pages"}],"about":[{"href":"https:\/\/raimat.paeria.cat\/web\/wp-json\/wp\/v2\/types\/page"}],"author":[{"embeddable":true,"href":"https:\/\/raimat.paeria.cat\/web\/wp-json\/wp\/v2\/users\/11"}],"replies":[{"embeddable":true,"href":"https:\/\/raimat.paeria.cat\/web\/wp-json\/wp\/v2\/comments?post=2041"}],"version-history":[{"count":0,"href":"https:\/\/raimat.paeria.cat\/web\/wp-json\/wp\/v2\/pages\/2041\/revisions"}],"wp:attachment":[{"href":"https:\/\/raimat.paeria.cat\/web\/wp-json\/wp\/v2\/media?parent=2041"}],"curies":[{"name":"wp","href":"https:\/\/api.w.org\/{rel}","templated":true}]}}