{"id":1865,"date":"2022-02-02T13:53:28","date_gmt":"2022-02-02T11:53:28","guid":{"rendered":"https:\/\/raimat.paeria.cat\/web\/?page_id=1865"},"modified":"2022-09-23T12:52:49","modified_gmt":"2022-09-23T10:52:49","slug":"la-nostra-historia","status":"publish","type":"page","link":"https:\/\/raimat.paeria.cat\/web\/la-nostra-historia\/","title":{"rendered":"La nostra hist\u00f2ria"},"content":{"rendered":"\t\t<div data-elementor-type=\"wp-page\" data-elementor-id=\"1865\" class=\"elementor elementor-1865\">\n\t\t\t\t\t\t<section class=\"elementor-section elementor-top-section elementor-element elementor-element-d6a01e0 elementor-section-boxed elementor-section-height-default elementor-section-height-default\" data-id=\"d6a01e0\" data-element_type=\"section\" data-e-type=\"section\">\n\t\t\t\t\t\t<div class=\"elementor-container elementor-column-gap-default\">\n\t\t\t\t\t<div class=\"elementor-column elementor-col-100 elementor-top-column elementor-element elementor-element-8c3b6d6\" data-id=\"8c3b6d6\" data-element_type=\"column\" data-e-type=\"column\">\n\t\t\t<div class=\"elementor-widget-wrap elementor-element-populated\">\n\t\t\t\t\t\t<div class=\"elementor-element elementor-element-b40b85d elementor-widget elementor-widget-text-editor\" data-id=\"b40b85d\" data-element_type=\"widget\" data-e-type=\"widget\" data-widget_type=\"text-editor.default\">\n\t\t\t\t<div class=\"elementor-widget-container\">\n\t\t\t\t\t\t\t\t\t<p>El poble de Raimat pr\u00f2piament dit es molt jove, molt aviat far\u00e0 100 anys del seu nou \u201credescobriment\u201d a partir del any 1914, quant la fam\u00edlia Ravent\u00f3s va adquirir aquestes terres.<\/p><p>Si m\u00e9s no, cal esmentar que es tenen evid\u00e8ncies i restes trobades a diversos jaciments que Raimat era molt a prop de la via romana que anava de Ilerda a Osca, i era considerat un lloc immillorable per a construir-hi una vil\u2022la de caire residencial.<br \/>Es l\u2019any 1149 que es reconquerit pel comte de Barcelona, Ramon Berenguer IV, i en els primers documents que es coneixen apareix escrit el nom del poble amb el seu grafisme i topon\u00edmia que ens indica l\u2019origen ar\u00e0bic RASMAT, RAIXMAT o RACHMAT.<\/p>\t\t\t\t\t\t\t\t<\/div>\n\t\t\t\t<\/div>\n\t\t\t\t<section class=\"elementor-section elementor-inner-section elementor-element elementor-element-84fc86c elementor-section-boxed elementor-section-height-default elementor-section-height-default\" data-id=\"84fc86c\" data-element_type=\"section\" data-e-type=\"section\">\n\t\t\t\t\t\t<div class=\"elementor-container elementor-column-gap-default\">\n\t\t\t\t\t<div class=\"elementor-column elementor-col-25 elementor-inner-column elementor-element elementor-element-604d1b0\" data-id=\"604d1b0\" data-element_type=\"column\" data-e-type=\"column\">\n\t\t\t<div class=\"elementor-widget-wrap elementor-element-populated\">\n\t\t\t\t\t\t<div class=\"elementor-element elementor-element-5afab57 elementor-widget elementor-widget-image\" data-id=\"5afab57\" data-element_type=\"widget\" data-e-type=\"widget\" data-widget_type=\"image.default\">\n\t\t\t\t<div class=\"elementor-widget-container\">\n\t\t\t\t\t\t\t\t\t\t\t\t\t\t\t<img decoding=\"async\" width=\"146\" height=\"101\" src=\"https:\/\/raimat.paeria.cat\/web\/wp-content\/uploads\/2022\/03\/foto-antiga-1.jpg\" class=\"attachment-full size-full wp-image-2006\" alt=\"\" \/>\t\t\t\t\t\t\t\t\t\t\t\t\t\t\t<\/div>\n\t\t\t\t<\/div>\n\t\t\t\t\t<\/div>\n\t\t<\/div>\n\t\t\t\t<div class=\"elementor-column elementor-col-25 elementor-inner-column elementor-element elementor-element-9d6cc4e\" data-id=\"9d6cc4e\" data-element_type=\"column\" data-e-type=\"column\">\n\t\t\t<div class=\"elementor-widget-wrap elementor-element-populated\">\n\t\t\t\t\t\t<div class=\"elementor-element elementor-element-e486ed3 elementor-widget elementor-widget-image\" data-id=\"e486ed3\" data-element_type=\"widget\" data-e-type=\"widget\" data-widget_type=\"image.default\">\n\t\t\t\t<div class=\"elementor-widget-container\">\n\t\t\t\t\t\t\t\t\t\t\t\t\t\t\t<img decoding=\"async\" width=\"151\" height=\"110\" src=\"https:\/\/raimat.paeria.cat\/web\/wp-content\/uploads\/2022\/03\/foto-antiga-2.jpg\" class=\"attachment-medium size-medium wp-image-2007\" alt=\"\" \/>\t\t\t\t\t\t\t\t\t\t\t\t\t\t\t<\/div>\n\t\t\t\t<\/div>\n\t\t\t\t\t<\/div>\n\t\t<\/div>\n\t\t\t\t<div class=\"elementor-column elementor-col-25 elementor-inner-column elementor-element elementor-element-c2fe404\" data-id=\"c2fe404\" data-element_type=\"column\" data-e-type=\"column\">\n\t\t\t<div class=\"elementor-widget-wrap elementor-element-populated\">\n\t\t\t\t\t\t<div class=\"elementor-element elementor-element-6dbe575 elementor-widget elementor-widget-image\" data-id=\"6dbe575\" data-element_type=\"widget\" data-e-type=\"widget\" data-widget_type=\"image.default\">\n\t\t\t\t<div class=\"elementor-widget-container\">\n\t\t\t\t\t\t\t\t\t\t\t\t\t\t\t<img decoding=\"async\" width=\"165\" height=\"124\" src=\"https:\/\/raimat.paeria.cat\/web\/wp-content\/uploads\/2022\/03\/foto-antiga-3.jpg\" class=\"attachment-medium size-medium wp-image-2008\" alt=\"\" \/>\t\t\t\t\t\t\t\t\t\t\t\t\t\t\t<\/div>\n\t\t\t\t<\/div>\n\t\t\t\t\t<\/div>\n\t\t<\/div>\n\t\t\t\t<div class=\"elementor-column elementor-col-25 elementor-inner-column elementor-element elementor-element-0c68174\" data-id=\"0c68174\" data-element_type=\"column\" data-e-type=\"column\">\n\t\t\t<div class=\"elementor-widget-wrap elementor-element-populated\">\n\t\t\t\t\t\t<div class=\"elementor-element elementor-element-0fccd4d elementor-widget elementor-widget-image\" data-id=\"0fccd4d\" data-element_type=\"widget\" data-e-type=\"widget\" data-widget_type=\"image.default\">\n\t\t\t\t<div class=\"elementor-widget-container\">\n\t\t\t\t\t\t\t\t\t\t\t\t\t\t\t<img loading=\"lazy\" decoding=\"async\" width=\"142\" height=\"97\" src=\"https:\/\/raimat.paeria.cat\/web\/wp-content\/uploads\/2022\/03\/foto-antiga-4.jpg\" class=\"attachment-medium size-medium wp-image-2009\" alt=\"\" \/>\t\t\t\t\t\t\t\t\t\t\t\t\t\t\t<\/div>\n\t\t\t\t<\/div>\n\t\t\t\t\t<\/div>\n\t\t<\/div>\n\t\t\t\t\t<\/div>\n\t\t<\/section>\n\t\t\t\t\t<\/div>\n\t\t<\/div>\n\t\t\t\t\t<\/div>\n\t\t<\/section>\n\t\t\t\t<section class=\"elementor-section elementor-top-section elementor-element elementor-element-d3650a4 elementor-section-boxed elementor-section-height-default elementor-section-height-default\" data-id=\"d3650a4\" data-element_type=\"section\" data-e-type=\"section\">\n\t\t\t\t\t\t<div class=\"elementor-container elementor-column-gap-default\">\n\t\t\t\t\t<div class=\"elementor-column elementor-col-100 elementor-top-column elementor-element elementor-element-16aff3c\" data-id=\"16aff3c\" data-element_type=\"column\" data-e-type=\"column\">\n\t\t\t<div class=\"elementor-widget-wrap elementor-element-populated\">\n\t\t\t\t\t\t<div class=\"elementor-element elementor-element-b3a342a elementor-widget elementor-widget-text-editor\" data-id=\"b3a342a\" data-element_type=\"widget\" data-e-type=\"widget\" data-widget_type=\"text-editor.default\">\n\t\t\t\t<div class=\"elementor-widget-container\">\n\t\t\t\t\t\t\t\t\t<p>El Castell de Raimat i la seva \u201cCova\u201d ens indiquen que el Raimat dels sarra\u00efns era considerat un poble agr\u00edcola amb diversos elements defensius i que tenia una poblaci\u00f3 estable que al propi temps gaudia d\u2019una mesquita.<br \/>Es en aquesta \u00e8poca quan apareix com a primer senyor de Raimat el destacat cavaller Guerau de Jorba que va rebre de mans del comte de Barcelona.<\/p><p><br \/>A partir d\u2019aquest moment hist\u00f2ric es produeixen un seguit de transaccions, testaments, cessions en els quals es vendr\u00e0 i comprar\u00e0 el Castell i el terme infinitat de vegades.<br \/>Parlant d\u2019habitants el cens m\u00e9s antic de la nostra poblaci\u00f3 , data de 1365, amb 64 focs (foc = llar o habitatge) el segon poble m\u00e9s gran, despr\u00e9s d\u2019Alcarr\u00e0s amb 152 focs, per tant es calcula que tenia aleshores uns 256 pobladors aproximadament..<\/p>\t\t\t\t\t\t\t\t<\/div>\n\t\t\t\t<\/div>\n\t\t\t\t<div class=\"elementor-element elementor-element-618e671 elementor-widget elementor-widget-spacer\" data-id=\"618e671\" data-element_type=\"widget\" data-e-type=\"widget\" data-widget_type=\"spacer.default\">\n\t\t\t\t<div class=\"elementor-widget-container\">\n\t\t\t\t\t\t\t<div class=\"elementor-spacer\">\n\t\t\t<div class=\"elementor-spacer-inner\"><\/div>\n\t\t<\/div>\n\t\t\t\t\t\t<\/div>\n\t\t\t\t<\/div>\n\t\t\t\t\t<\/div>\n\t\t<\/div>\n\t\t\t\t\t<\/div>\n\t\t<\/section>\n\t\t\t\t<\/div>\n\t\t","protected":false},"excerpt":{"rendered":"<p>El poble de Raimat pr\u00f2piament dit es molt jove, molt aviat far\u00e0 100 anys del seu nou \u201credescobriment\u201d a partir del any 1914, quant la fam\u00edlia Ravent\u00f3s va adquirir aquestes terres. Si m\u00e9s no, cal esmentar que es tenen evid\u00e8ncies i restes trobades a diversos jaciments que Raimat era molt a prop de la via &#8230; <a title=\"La nostra hist\u00f2ria\" class=\"read-more\" href=\"https:\/\/raimat.paeria.cat\/web\/la-nostra-historia\/\" aria-label=\"M\u00e9s informaci\u00f3 sobre La nostra hist\u00f2ria\">Llegiu m\u00e9s<\/a><\/p>\n","protected":false},"author":8,"featured_media":0,"parent":0,"menu_order":0,"comment_status":"closed","ping_status":"closed","template":"","meta":{"footnotes":""},"class_list":["post-1865","page","type-page","status-publish"],"yoast_head":"<!-- This site is optimized with the Yoast SEO plugin v27.6 - https:\/\/yoast.com\/product\/yoast-seo-wordpress\/ -->\n<title>La nostra hist\u00f2ria - Entitat Municipal Descentralitzada de Raimat - La Paeria - Ajuntament Lleida<\/title>\n<meta name=\"robots\" content=\"index, follow, max-snippet:-1, max-image-preview:large, max-video-preview:-1\" \/>\n<link rel=\"canonical\" href=\"https:\/\/raimat.paeria.cat\/web\/la-nostra-historia\/\" \/>\n<meta property=\"og:locale\" content=\"ca_ES\" \/>\n<meta property=\"og:type\" content=\"article\" \/>\n<meta property=\"og:title\" content=\"La nostra hist\u00f2ria - Entitat Municipal Descentralitzada de Raimat - La Paeria - Ajuntament Lleida\" \/>\n<meta property=\"og:description\" content=\"El poble de Raimat pr\u00f2piament dit es molt jove, molt aviat far\u00e0 100 anys del seu nou \u201credescobriment\u201d a partir del any 1914, quant la fam\u00edlia Ravent\u00f3s va adquirir aquestes terres. Si m\u00e9s no, cal esmentar que es tenen evid\u00e8ncies i restes trobades a diversos jaciments que Raimat era molt a prop de la via ... Llegiu m\u00e9s\" \/>\n<meta property=\"og:url\" content=\"https:\/\/raimat.paeria.cat\/web\/la-nostra-historia\/\" \/>\n<meta property=\"og:site_name\" content=\"Entitat Municipal Descentralitzada de Raimat - La Paeria - Ajuntament Lleida\" \/>\n<meta property=\"article:modified_time\" content=\"2022-09-23T10:52:49+00:00\" \/>\n<meta property=\"og:image\" content=\"https:\/\/raimat.paeria.cat\/web\/wp-content\/uploads\/2022\/03\/foto-antiga-1.jpg\" \/>\n<meta name=\"twitter:card\" content=\"summary_large_image\" \/>\n<meta name=\"twitter:label1\" content=\"Temps estimat de lectura\" \/>\n\t<meta name=\"twitter:data1\" content=\"3 minuts\" \/>\n<script type=\"application\/ld+json\" class=\"yoast-schema-graph\">{\"@context\":\"https:\\\/\\\/schema.org\",\"@graph\":[{\"@type\":\"WebPage\",\"@id\":\"https:\\\/\\\/raimat.paeria.cat\\\/web\\\/la-nostra-historia\\\/\",\"url\":\"https:\\\/\\\/raimat.paeria.cat\\\/web\\\/la-nostra-historia\\\/\",\"name\":\"La nostra hist\u00f2ria - Entitat Municipal Descentralitzada de Raimat - La Paeria - Ajuntament Lleida\",\"isPartOf\":{\"@id\":\"https:\\\/\\\/raimat.paeria.cat\\\/web\\\/#website\"},\"primaryImageOfPage\":{\"@id\":\"https:\\\/\\\/raimat.paeria.cat\\\/web\\\/la-nostra-historia\\\/#primaryimage\"},\"image\":{\"@id\":\"https:\\\/\\\/raimat.paeria.cat\\\/web\\\/la-nostra-historia\\\/#primaryimage\"},\"thumbnailUrl\":\"https:\\\/\\\/raimat.paeria.cat\\\/web\\\/wp-content\\\/uploads\\\/2022\\\/03\\\/foto-antiga-1.jpg\",\"datePublished\":\"2022-02-02T11:53:28+00:00\",\"dateModified\":\"2022-09-23T10:52:49+00:00\",\"breadcrumb\":{\"@id\":\"https:\\\/\\\/raimat.paeria.cat\\\/web\\\/la-nostra-historia\\\/#breadcrumb\"},\"inLanguage\":\"ca\",\"potentialAction\":[{\"@type\":\"ReadAction\",\"target\":[\"https:\\\/\\\/raimat.paeria.cat\\\/web\\\/la-nostra-historia\\\/\"]}]},{\"@type\":\"ImageObject\",\"inLanguage\":\"ca\",\"@id\":\"https:\\\/\\\/raimat.paeria.cat\\\/web\\\/la-nostra-historia\\\/#primaryimage\",\"url\":\"https:\\\/\\\/raimat.paeria.cat\\\/web\\\/wp-content\\\/uploads\\\/2022\\\/03\\\/foto-antiga-1.jpg\",\"contentUrl\":\"https:\\\/\\\/raimat.paeria.cat\\\/web\\\/wp-content\\\/uploads\\\/2022\\\/03\\\/foto-antiga-1.jpg\",\"width\":146,\"height\":101},{\"@type\":\"BreadcrumbList\",\"@id\":\"https:\\\/\\\/raimat.paeria.cat\\\/web\\\/la-nostra-historia\\\/#breadcrumb\",\"itemListElement\":[{\"@type\":\"ListItem\",\"position\":1,\"name\":\"Inici\",\"item\":\"https:\\\/\\\/raimat.paeria.cat\\\/web\\\/\"},{\"@type\":\"ListItem\",\"position\":2,\"name\":\"La nostra hist\u00f2ria\"}]},{\"@type\":\"WebSite\",\"@id\":\"https:\\\/\\\/raimat.paeria.cat\\\/web\\\/#website\",\"url\":\"https:\\\/\\\/raimat.paeria.cat\\\/web\\\/\",\"name\":\"Entitat Municipal Descentralitzada de Raimat - La Paeria - Ajuntament Lleida\",\"description\":\"Entitat Municipal Descentralitzada de Raimat\",\"publisher\":{\"@id\":\"https:\\\/\\\/raimat.paeria.cat\\\/web\\\/#organization\"},\"potentialAction\":[{\"@type\":\"SearchAction\",\"target\":{\"@type\":\"EntryPoint\",\"urlTemplate\":\"https:\\\/\\\/raimat.paeria.cat\\\/web\\\/?s={search_term_string}\"},\"query-input\":{\"@type\":\"PropertyValueSpecification\",\"valueRequired\":true,\"valueName\":\"search_term_string\"}}],\"inLanguage\":\"ca\"},{\"@type\":\"Organization\",\"@id\":\"https:\\\/\\\/raimat.paeria.cat\\\/web\\\/#organization\",\"name\":\"Ajuntament de Lleida\",\"url\":\"https:\\\/\\\/raimat.paeria.cat\\\/web\\\/\",\"logo\":{\"@type\":\"ImageObject\",\"inLanguage\":\"ca\",\"@id\":\"https:\\\/\\\/raimat.paeria.cat\\\/web\\\/#\\\/schema\\\/logo\\\/image\\\/\",\"url\":\"https:\\\/\\\/raimat.paeria.cat\\\/web\\\/wp-content\\\/uploads\\\/2020\\\/06\\\/capcalera-raimat-escut-logo-paeria.png\",\"contentUrl\":\"https:\\\/\\\/raimat.paeria.cat\\\/web\\\/wp-content\\\/uploads\\\/2020\\\/06\\\/capcalera-raimat-escut-logo-paeria.png\",\"width\":1100,\"height\":221,\"caption\":\"Ajuntament de Lleida\"},\"image\":{\"@id\":\"https:\\\/\\\/raimat.paeria.cat\\\/web\\\/#\\\/schema\\\/logo\\\/image\\\/\"}}]}<\/script>\n<!-- \/ Yoast SEO plugin. -->","yoast_head_json":{"title":"La nostra hist\u00f2ria - Entitat Municipal Descentralitzada de Raimat - La Paeria - Ajuntament Lleida","robots":{"index":"index","follow":"follow","max-snippet":"max-snippet:-1","max-image-preview":"max-image-preview:large","max-video-preview":"max-video-preview:-1"},"canonical":"https:\/\/raimat.paeria.cat\/web\/la-nostra-historia\/","og_locale":"ca_ES","og_type":"article","og_title":"La nostra hist\u00f2ria - Entitat Municipal Descentralitzada de Raimat - La Paeria - Ajuntament Lleida","og_description":"El poble de Raimat pr\u00f2piament dit es molt jove, molt aviat far\u00e0 100 anys del seu nou \u201credescobriment\u201d a partir del any 1914, quant la fam\u00edlia Ravent\u00f3s va adquirir aquestes terres. Si m\u00e9s no, cal esmentar que es tenen evid\u00e8ncies i restes trobades a diversos jaciments que Raimat era molt a prop de la via ... Llegiu m\u00e9s","og_url":"https:\/\/raimat.paeria.cat\/web\/la-nostra-historia\/","og_site_name":"Entitat Municipal Descentralitzada de Raimat - La Paeria - Ajuntament Lleida","article_modified_time":"2022-09-23T10:52:49+00:00","og_image":[{"url":"https:\/\/raimat.paeria.cat\/web\/wp-content\/uploads\/2022\/03\/foto-antiga-1.jpg","type":"","width":"","height":""}],"twitter_card":"summary_large_image","twitter_misc":{"Temps estimat de lectura":"3 minuts"},"schema":{"@context":"https:\/\/schema.org","@graph":[{"@type":"WebPage","@id":"https:\/\/raimat.paeria.cat\/web\/la-nostra-historia\/","url":"https:\/\/raimat.paeria.cat\/web\/la-nostra-historia\/","name":"La nostra hist\u00f2ria - Entitat Municipal Descentralitzada de Raimat - La Paeria - Ajuntament Lleida","isPartOf":{"@id":"https:\/\/raimat.paeria.cat\/web\/#website"},"primaryImageOfPage":{"@id":"https:\/\/raimat.paeria.cat\/web\/la-nostra-historia\/#primaryimage"},"image":{"@id":"https:\/\/raimat.paeria.cat\/web\/la-nostra-historia\/#primaryimage"},"thumbnailUrl":"https:\/\/raimat.paeria.cat\/web\/wp-content\/uploads\/2022\/03\/foto-antiga-1.jpg","datePublished":"2022-02-02T11:53:28+00:00","dateModified":"2022-09-23T10:52:49+00:00","breadcrumb":{"@id":"https:\/\/raimat.paeria.cat\/web\/la-nostra-historia\/#breadcrumb"},"inLanguage":"ca","potentialAction":[{"@type":"ReadAction","target":["https:\/\/raimat.paeria.cat\/web\/la-nostra-historia\/"]}]},{"@type":"ImageObject","inLanguage":"ca","@id":"https:\/\/raimat.paeria.cat\/web\/la-nostra-historia\/#primaryimage","url":"https:\/\/raimat.paeria.cat\/web\/wp-content\/uploads\/2022\/03\/foto-antiga-1.jpg","contentUrl":"https:\/\/raimat.paeria.cat\/web\/wp-content\/uploads\/2022\/03\/foto-antiga-1.jpg","width":146,"height":101},{"@type":"BreadcrumbList","@id":"https:\/\/raimat.paeria.cat\/web\/la-nostra-historia\/#breadcrumb","itemListElement":[{"@type":"ListItem","position":1,"name":"Inici","item":"https:\/\/raimat.paeria.cat\/web\/"},{"@type":"ListItem","position":2,"name":"La nostra hist\u00f2ria"}]},{"@type":"WebSite","@id":"https:\/\/raimat.paeria.cat\/web\/#website","url":"https:\/\/raimat.paeria.cat\/web\/","name":"Entitat Municipal Descentralitzada de Raimat - La Paeria - Ajuntament Lleida","description":"Entitat Municipal Descentralitzada de Raimat","publisher":{"@id":"https:\/\/raimat.paeria.cat\/web\/#organization"},"potentialAction":[{"@type":"SearchAction","target":{"@type":"EntryPoint","urlTemplate":"https:\/\/raimat.paeria.cat\/web\/?s={search_term_string}"},"query-input":{"@type":"PropertyValueSpecification","valueRequired":true,"valueName":"search_term_string"}}],"inLanguage":"ca"},{"@type":"Organization","@id":"https:\/\/raimat.paeria.cat\/web\/#organization","name":"Ajuntament de Lleida","url":"https:\/\/raimat.paeria.cat\/web\/","logo":{"@type":"ImageObject","inLanguage":"ca","@id":"https:\/\/raimat.paeria.cat\/web\/#\/schema\/logo\/image\/","url":"https:\/\/raimat.paeria.cat\/web\/wp-content\/uploads\/2020\/06\/capcalera-raimat-escut-logo-paeria.png","contentUrl":"https:\/\/raimat.paeria.cat\/web\/wp-content\/uploads\/2020\/06\/capcalera-raimat-escut-logo-paeria.png","width":1100,"height":221,"caption":"Ajuntament de Lleida"},"image":{"@id":"https:\/\/raimat.paeria.cat\/web\/#\/schema\/logo\/image\/"}}]}},"_links":{"self":[{"href":"https:\/\/raimat.paeria.cat\/web\/wp-json\/wp\/v2\/pages\/1865","targetHints":{"allow":["GET"]}}],"collection":[{"href":"https:\/\/raimat.paeria.cat\/web\/wp-json\/wp\/v2\/pages"}],"about":[{"href":"https:\/\/raimat.paeria.cat\/web\/wp-json\/wp\/v2\/types\/page"}],"author":[{"embeddable":true,"href":"https:\/\/raimat.paeria.cat\/web\/wp-json\/wp\/v2\/users\/8"}],"replies":[{"embeddable":true,"href":"https:\/\/raimat.paeria.cat\/web\/wp-json\/wp\/v2\/comments?post=1865"}],"version-history":[{"count":0,"href":"https:\/\/raimat.paeria.cat\/web\/wp-json\/wp\/v2\/pages\/1865\/revisions"}],"wp:attachment":[{"href":"https:\/\/raimat.paeria.cat\/web\/wp-json\/wp\/v2\/media?parent=1865"}],"curies":[{"name":"wp","href":"https:\/\/api.w.org\/{rel}","templated":true}]}}