{"id":1741,"date":"2021-12-10T16:00:48","date_gmt":"2021-12-10T14:00:48","guid":{"rendered":"https:\/\/raimat.paeria.cat\/web\/?page_id=1741"},"modified":"2024-08-30T09:11:41","modified_gmt":"2024-08-30T07:11:41","slug":"telefons-dinteres","status":"publish","type":"page","link":"https:\/\/raimat.paeria.cat\/web\/telefons-dinteres\/","title":{"rendered":"Tel\u00e8fons d&#8217;inter\u00e8s"},"content":{"rendered":"<h2><strong>Raimat<\/strong><\/h2>\n<p>EMD Raimat<br \/>\n973 724 094<\/p>\n<p>Associaci\u00f3 Ve\u00efns de Raimat<br \/>\n973 72 40 94<\/p>\n<p>Escola Josep Ma\u00f1\u00e9 i Gavald\u00e0<br \/>\n634 771 038<\/p>\n<p>Consultori M\u00e8dic &#8211; CAP Almacelles<br \/>\n973 74 20 20<\/p>\n<p>Escola Bressol de Raimat<br \/>\n973748415<\/p>\n<p>Esgl\u00e8sia Sagrat Cor de Raimat<br \/>\n973 72 40 12<\/p>\n<h2><strong>Altres tel\u00e8fons d&#8217;inter\u00e8s<\/strong><\/h2>\n<p>Aig\u00fces de Lleida (Gu\u00e0rdia 24 h)<br \/>\n607 379 086<\/p>\n<p>Aig\u00fces Lleida Avaries<br \/>\n900 814 082<\/p>\n<p>Bombers d&#8217;Almacelles<br \/>\n973 740 080<\/p>\n<p>Centre d&#8217;atenci\u00f3 prim\u00e0ria d&#8217;Almacelles<br \/>\n973 742 020<\/p>\n<p>Comissaria dels Mossos d&#8217;Esquadra<br \/>\n973 70 00 50<\/p>\n<p>Cos d&#8217;Agents Rurals<br \/>\n973 281 030<\/p>\n<p>Endesa Avaries<br \/>\n902 53 65 36<\/p>\n<p>Emerg\u00e8ncies<br \/>\n112<\/p>\n<p>Gu\u00e0rdia Urbana<br \/>\n092<\/p>\n<p>Serveis Socials Mariola<br \/>\n973 700 656<\/p>\n","protected":false},"excerpt":{"rendered":"<p>Raimat EMD Raimat 973 724 094 Associaci\u00f3 Ve\u00efns de Raimat 973 72 40 94 Escola Josep Ma\u00f1\u00e9 i Gavald\u00e0 634 771 038 Consultori M\u00e8dic &#8211; CAP Almacelles 973 74 20 20 Escola Bressol de Raimat 973748415 Esgl\u00e8sia Sagrat Cor de Raimat 973 72 40 12 Altres tel\u00e8fons d&#8217;inter\u00e8s Aig\u00fces de Lleida (Gu\u00e0rdia 24 h) 607 &#8230; <a title=\"Tel\u00e8fons d&#8217;inter\u00e8s\" class=\"read-more\" href=\"https:\/\/raimat.paeria.cat\/web\/telefons-dinteres\/\" aria-label=\"M\u00e9s informaci\u00f3 sobre Tel\u00e8fons d&#8217;inter\u00e8s\">Llegiu m\u00e9s<\/a><\/p>\n","protected":false},"author":8,"featured_media":0,"parent":0,"menu_order":0,"comment_status":"closed","ping_status":"closed","template":"","meta":{"footnotes":""},"class_list":["post-1741","page","type-page","status-publish"],"yoast_head":"<!-- This site is optimized with the Yoast SEO plugin v27.5 - https:\/\/yoast.com\/product\/yoast-seo-wordpress\/ -->\n<title>Tel\u00e8fons d&#039;inter\u00e8s - Entitat Municipal Descentralitzada de Raimat - La Paeria - Ajuntament Lleida<\/title>\n<meta name=\"robots\" content=\"index, follow, max-snippet:-1, max-image-preview:large, max-video-preview:-1\" \/>\n<link rel=\"canonical\" href=\"https:\/\/raimat.paeria.cat\/web\/telefons-dinteres\/\" \/>\n<meta property=\"og:locale\" content=\"ca_ES\" \/>\n<meta property=\"og:type\" content=\"article\" \/>\n<meta property=\"og:title\" content=\"Tel\u00e8fons d&#039;inter\u00e8s - Entitat Municipal Descentralitzada de Raimat - La Paeria - Ajuntament Lleida\" \/>\n<meta property=\"og:description\" content=\"Raimat EMD Raimat 973 724 094 Associaci\u00f3 Ve\u00efns de Raimat 973 72 40 94 Escola Josep Ma\u00f1\u00e9 i Gavald\u00e0 634 771 038 Consultori M\u00e8dic &#8211; CAP Almacelles 973 74 20 20 Escola Bressol de Raimat 973748415 Esgl\u00e8sia Sagrat Cor de Raimat 973 72 40 12 Altres tel\u00e8fons d&#8217;inter\u00e8s Aig\u00fces de Lleida (Gu\u00e0rdia 24 h) 607 ... Llegiu m\u00e9s\" \/>\n<meta property=\"og:url\" content=\"https:\/\/raimat.paeria.cat\/web\/telefons-dinteres\/\" \/>\n<meta property=\"og:site_name\" content=\"Entitat Municipal Descentralitzada de Raimat - La Paeria - Ajuntament Lleida\" \/>\n<meta property=\"article:modified_time\" content=\"2024-08-30T07:11:41+00:00\" \/>\n<meta name=\"twitter:card\" content=\"summary_large_image\" \/>\n<meta name=\"twitter:label1\" content=\"Temps estimat de lectura\" \/>\n\t<meta name=\"twitter:data1\" content=\"1 minut\" \/>\n<script type=\"application\/ld+json\" class=\"yoast-schema-graph\">{\"@context\":\"https:\\\/\\\/schema.org\",\"@graph\":[{\"@type\":\"WebPage\",\"@id\":\"https:\\\/\\\/raimat.paeria.cat\\\/web\\\/telefons-dinteres\\\/\",\"url\":\"https:\\\/\\\/raimat.paeria.cat\\\/web\\\/telefons-dinteres\\\/\",\"name\":\"Tel\u00e8fons d'inter\u00e8s - Entitat Municipal Descentralitzada de Raimat - La Paeria - Ajuntament Lleida\",\"isPartOf\":{\"@id\":\"https:\\\/\\\/raimat.paeria.cat\\\/web\\\/#website\"},\"datePublished\":\"2021-12-10T14:00:48+00:00\",\"dateModified\":\"2024-08-30T07:11:41+00:00\",\"breadcrumb\":{\"@id\":\"https:\\\/\\\/raimat.paeria.cat\\\/web\\\/telefons-dinteres\\\/#breadcrumb\"},\"inLanguage\":\"ca\",\"potentialAction\":[{\"@type\":\"ReadAction\",\"target\":[\"https:\\\/\\\/raimat.paeria.cat\\\/web\\\/telefons-dinteres\\\/\"]}]},{\"@type\":\"BreadcrumbList\",\"@id\":\"https:\\\/\\\/raimat.paeria.cat\\\/web\\\/telefons-dinteres\\\/#breadcrumb\",\"itemListElement\":[{\"@type\":\"ListItem\",\"position\":1,\"name\":\"Inici\",\"item\":\"https:\\\/\\\/raimat.paeria.cat\\\/web\\\/\"},{\"@type\":\"ListItem\",\"position\":2,\"name\":\"Tel\u00e8fons d&#8217;inter\u00e8s\"}]},{\"@type\":\"WebSite\",\"@id\":\"https:\\\/\\\/raimat.paeria.cat\\\/web\\\/#website\",\"url\":\"https:\\\/\\\/raimat.paeria.cat\\\/web\\\/\",\"name\":\"Entitat Municipal Descentralitzada de Raimat - La Paeria - Ajuntament Lleida\",\"description\":\"Entitat Municipal Descentralitzada de Raimat\",\"publisher\":{\"@id\":\"https:\\\/\\\/raimat.paeria.cat\\\/web\\\/#organization\"},\"potentialAction\":[{\"@type\":\"SearchAction\",\"target\":{\"@type\":\"EntryPoint\",\"urlTemplate\":\"https:\\\/\\\/raimat.paeria.cat\\\/web\\\/?s={search_term_string}\"},\"query-input\":{\"@type\":\"PropertyValueSpecification\",\"valueRequired\":true,\"valueName\":\"search_term_string\"}}],\"inLanguage\":\"ca\"},{\"@type\":\"Organization\",\"@id\":\"https:\\\/\\\/raimat.paeria.cat\\\/web\\\/#organization\",\"name\":\"Ajuntament de Lleida\",\"url\":\"https:\\\/\\\/raimat.paeria.cat\\\/web\\\/\",\"logo\":{\"@type\":\"ImageObject\",\"inLanguage\":\"ca\",\"@id\":\"https:\\\/\\\/raimat.paeria.cat\\\/web\\\/#\\\/schema\\\/logo\\\/image\\\/\",\"url\":\"https:\\\/\\\/raimat.paeria.cat\\\/web\\\/wp-content\\\/uploads\\\/2020\\\/06\\\/capcalera-raimat-escut-logo-paeria.png\",\"contentUrl\":\"https:\\\/\\\/raimat.paeria.cat\\\/web\\\/wp-content\\\/uploads\\\/2020\\\/06\\\/capcalera-raimat-escut-logo-paeria.png\",\"width\":1100,\"height\":221,\"caption\":\"Ajuntament de Lleida\"},\"image\":{\"@id\":\"https:\\\/\\\/raimat.paeria.cat\\\/web\\\/#\\\/schema\\\/logo\\\/image\\\/\"}}]}<\/script>\n<!-- \/ Yoast SEO plugin. -->","yoast_head_json":{"title":"Tel\u00e8fons d'inter\u00e8s - Entitat Municipal Descentralitzada de Raimat - La Paeria - Ajuntament Lleida","robots":{"index":"index","follow":"follow","max-snippet":"max-snippet:-1","max-image-preview":"max-image-preview:large","max-video-preview":"max-video-preview:-1"},"canonical":"https:\/\/raimat.paeria.cat\/web\/telefons-dinteres\/","og_locale":"ca_ES","og_type":"article","og_title":"Tel\u00e8fons d'inter\u00e8s - Entitat Municipal Descentralitzada de Raimat - La Paeria - Ajuntament Lleida","og_description":"Raimat EMD Raimat 973 724 094 Associaci\u00f3 Ve\u00efns de Raimat 973 72 40 94 Escola Josep Ma\u00f1\u00e9 i Gavald\u00e0 634 771 038 Consultori M\u00e8dic &#8211; CAP Almacelles 973 74 20 20 Escola Bressol de Raimat 973748415 Esgl\u00e8sia Sagrat Cor de Raimat 973 72 40 12 Altres tel\u00e8fons d&#8217;inter\u00e8s Aig\u00fces de Lleida (Gu\u00e0rdia 24 h) 607 ... Llegiu m\u00e9s","og_url":"https:\/\/raimat.paeria.cat\/web\/telefons-dinteres\/","og_site_name":"Entitat Municipal Descentralitzada de Raimat - La Paeria - Ajuntament Lleida","article_modified_time":"2024-08-30T07:11:41+00:00","twitter_card":"summary_large_image","twitter_misc":{"Temps estimat de lectura":"1 minut"},"schema":{"@context":"https:\/\/schema.org","@graph":[{"@type":"WebPage","@id":"https:\/\/raimat.paeria.cat\/web\/telefons-dinteres\/","url":"https:\/\/raimat.paeria.cat\/web\/telefons-dinteres\/","name":"Tel\u00e8fons d'inter\u00e8s - Entitat Municipal Descentralitzada de Raimat - La Paeria - Ajuntament Lleida","isPartOf":{"@id":"https:\/\/raimat.paeria.cat\/web\/#website"},"datePublished":"2021-12-10T14:00:48+00:00","dateModified":"2024-08-30T07:11:41+00:00","breadcrumb":{"@id":"https:\/\/raimat.paeria.cat\/web\/telefons-dinteres\/#breadcrumb"},"inLanguage":"ca","potentialAction":[{"@type":"ReadAction","target":["https:\/\/raimat.paeria.cat\/web\/telefons-dinteres\/"]}]},{"@type":"BreadcrumbList","@id":"https:\/\/raimat.paeria.cat\/web\/telefons-dinteres\/#breadcrumb","itemListElement":[{"@type":"ListItem","position":1,"name":"Inici","item":"https:\/\/raimat.paeria.cat\/web\/"},{"@type":"ListItem","position":2,"name":"Tel\u00e8fons d&#8217;inter\u00e8s"}]},{"@type":"WebSite","@id":"https:\/\/raimat.paeria.cat\/web\/#website","url":"https:\/\/raimat.paeria.cat\/web\/","name":"Entitat Municipal Descentralitzada de Raimat - La Paeria - Ajuntament Lleida","description":"Entitat Municipal Descentralitzada de Raimat","publisher":{"@id":"https:\/\/raimat.paeria.cat\/web\/#organization"},"potentialAction":[{"@type":"SearchAction","target":{"@type":"EntryPoint","urlTemplate":"https:\/\/raimat.paeria.cat\/web\/?s={search_term_string}"},"query-input":{"@type":"PropertyValueSpecification","valueRequired":true,"valueName":"search_term_string"}}],"inLanguage":"ca"},{"@type":"Organization","@id":"https:\/\/raimat.paeria.cat\/web\/#organization","name":"Ajuntament de Lleida","url":"https:\/\/raimat.paeria.cat\/web\/","logo":{"@type":"ImageObject","inLanguage":"ca","@id":"https:\/\/raimat.paeria.cat\/web\/#\/schema\/logo\/image\/","url":"https:\/\/raimat.paeria.cat\/web\/wp-content\/uploads\/2020\/06\/capcalera-raimat-escut-logo-paeria.png","contentUrl":"https:\/\/raimat.paeria.cat\/web\/wp-content\/uploads\/2020\/06\/capcalera-raimat-escut-logo-paeria.png","width":1100,"height":221,"caption":"Ajuntament de Lleida"},"image":{"@id":"https:\/\/raimat.paeria.cat\/web\/#\/schema\/logo\/image\/"}}]}},"_links":{"self":[{"href":"https:\/\/raimat.paeria.cat\/web\/wp-json\/wp\/v2\/pages\/1741","targetHints":{"allow":["GET"]}}],"collection":[{"href":"https:\/\/raimat.paeria.cat\/web\/wp-json\/wp\/v2\/pages"}],"about":[{"href":"https:\/\/raimat.paeria.cat\/web\/wp-json\/wp\/v2\/types\/page"}],"author":[{"embeddable":true,"href":"https:\/\/raimat.paeria.cat\/web\/wp-json\/wp\/v2\/users\/8"}],"replies":[{"embeddable":true,"href":"https:\/\/raimat.paeria.cat\/web\/wp-json\/wp\/v2\/comments?post=1741"}],"version-history":[{"count":3,"href":"https:\/\/raimat.paeria.cat\/web\/wp-json\/wp\/v2\/pages\/1741\/revisions"}],"predecessor-version":[{"id":2976,"href":"https:\/\/raimat.paeria.cat\/web\/wp-json\/wp\/v2\/pages\/1741\/revisions\/2976"}],"wp:attachment":[{"href":"https:\/\/raimat.paeria.cat\/web\/wp-json\/wp\/v2\/media?parent=1741"}],"curies":[{"name":"wp","href":"https:\/\/api.w.org\/{rel}","templated":true}]}}